{"id":102,"date":"2026-02-10T12:52:20","date_gmt":"2026-02-10T12:52:20","guid":{"rendered":"https:\/\/restaurari-volane.ro\/?page_id=102"},"modified":"2026-02-13T08:15:14","modified_gmt":"2026-02-13T08:15:14","slug":"despre-noi","status":"publish","type":"page","link":"https:\/\/restaurari-volane.ro\/?page_id=102","title":{"rendered":"Despre noi"},"content":{"rendered":"<div class=\"wpb-content-wrapper\"><p>[vc_row][vc_column width=&#8221;1\/2&#8243;][vc_empty_space height=&#8221;42px&#8221;][vc_column_text css=&#8221;&#8221;]<\/p>\n<h2><span style=\"color: #000000;\"><strong>Viziune &amp; standard de calitate<\/strong><\/span><\/h2>\n<p>[\/vc_column_text][vc_separator color=&#8221;custom&#8221; css=&#8221;&#8221; accent_color=&#8221;#DD3333&#8243;][vc_column_text css=&#8221;&#8221;]<span style=\"color: #000000;\">Cu sediul \u00een Re\u0219i\u021ba, furniz\u0103m servicii profesionale de <strong data-start=\"148\" data-end=\"204\">restaurare volane la nivel na\u021bional \u0219i interna\u021bional<\/strong>, colabor\u00e2nd cu clien\u021bi din Rom\u00e2nia \u0219i din str\u0103in\u0103tate, \u00een condi\u021bii de calitate controlat\u0103 \u0219i conformitate cu standardele OEM din industria automotive. Oferim <strong data-start=\"363\" data-end=\"385\">delivery worldwide<\/strong>, asigur\u00e2nd preluarea \u0219i livrarea volanelor \u00een siguran\u021b\u0103, indiferent de loca\u021bie. Activitatea noastr\u0103 este orientat\u0103 c\u0103tre finisaje premium, procese optimizate \u0219i rezultate durabile, adaptate cerin\u021belor tehnice ale produc\u0103torilor auto.\u00a0<\/span><\/p>\n<p><span style=\"color: #000000;\"><span style=\"font-weight: 400;\">\u00cen procesul de <\/span><b>recondi\u021bionare \u0219i restaurare volane piele sau Alcantara<\/b><span style=\"font-weight: 400;\">, punem accent pe acurate\u021be, control strict al detaliilor \u0219i optimizarea confortului tactil. Execu\u021bia este realizat\u0103 conform parametrilor tehnici specifici utiliz\u0103rii auto, utiliz\u00e2nd materiale certificate \u0219i tehnici adaptate cerin\u021belor actuale din domeniul automotive.<\/span><\/span><\/p>\n<p><span style=\"color: #000000;\"><span style=\"font-weight: 400;\">Obiectivul nostru este s\u0103 livr\u0103m <\/span><b>finisaje premium pentru volane<\/b><span style=\"font-weight: 400;\">, adaptate cerin\u021belor profesionale ale partenerilor care solicit\u0103 standarde ridicate de execu\u021bie, durabilitate \u0219i coeren\u021b\u0103 estetic\u0103 a interiorului auto.<\/span><\/span>[\/vc_column_text][vc_empty_space height=&#8221;42px&#8221;][\/vc_column][vc_column width=&#8221;1\/2&#8243;][vc_single_image image=&#8221;86&#8243; img_size=&#8221;full&#8221; css=&#8221;&#8221;][\/vc_column][\/vc_row][vc_row full_width=&#8221;stretch_row&#8221; css=&#8221;.vc_custom_1770728185353{background-color: #E3E3E3 !important;}&#8221;][vc_column width=&#8221;1\/2&#8243;][vc_single_image image=&#8221;80&#8243; img_size=&#8221;full&#8221; css=&#8221;&#8221;][\/vc_column][vc_column width=&#8221;1\/2&#8243;][vc_empty_space height=&#8221;42px&#8221;][vc_column_text css=&#8221;&#8221;]<\/p>\n<h2><b>Avantaje competitive <\/b><b>pentru parteneri<\/b><\/h2>\n<p>[\/vc_column_text][vc_separator color=&#8221;custom&#8221; css=&#8221;&#8221; accent_color=&#8221;#BC0000&#8243;][vc_column_text css=&#8221;&#8221;]<\/p>\n<h3>Calitate documentat\u0103, procese optimizate, rezultate consecvente<\/h3>\n<p>[\/vc_column_text][vc_column_text css=&#8221;&#8221;]<strong>Ne diferen\u021biem prin:<\/strong><\/p>\n<ul>\n<li style=\"font-weight: 400;\" aria-level=\"1\"><span style=\"font-weight: 400;\">Experien\u021b\u0103 extins\u0103 \u00een colabor\u0103ri B2B din industria automotive<\/span><\/li>\n<li style=\"font-weight: 400;\" aria-level=\"1\"><span style=\"font-weight: 400;\">Utilizarea de materiale certificabile pentru utilizare auto<\/span><\/li>\n<li style=\"font-weight: 400;\" aria-level=\"1\"><span style=\"font-weight: 400;\">Precizie opera\u021bional\u0103 \u0219i trasabilitate a etapelor de execu\u021bie<\/span><\/li>\n<li style=\"font-weight: 400;\" aria-level=\"1\"><span style=\"font-weight: 400;\">Execu\u021bie predictibil\u0103, cu respectarea termenelor stabilite<\/span><\/li>\n<li style=\"font-weight: 400;\" aria-level=\"1\"><span style=\"font-weight: 400;\">Standarde vizuale \u0219i tactile conforme nivelului OEM<\/span><\/li>\n<li style=\"font-weight: 400;\" aria-level=\"1\"><span style=\"font-weight: 400;\">Flexibilitate pentru proiecte personalizate \u0219i volume variate<\/span><\/li>\n<\/ul>\n<p>[\/vc_column_text][vc_column_text css=&#8221;&#8221;]<\/p>\n<h4><span style=\"font-weight: 400;\">Prin servicii specializate de <\/span><b>restaurare volane la standard OEM<\/b><span style=\"font-weight: 400;\">, contribuim la \u00eembun\u0103t\u0103\u021birea esteticii \u0219i la cre\u0219terea percep\u021biei de calitate a interiorului auto. Ne pozi\u021bion\u0103m ca partener dedicat, capabil s\u0103 ofere stabilitate, consecven\u021b\u0103 \u0219i finisaje premium \u00een segmentul automotive.<\/span><\/h4>\n<p>[\/vc_column_text][\/vc_column][\/vc_row]<\/p>\n<\/div>","protected":false},"excerpt":{"rendered":"<p>[vc_row][vc_column width=&#8221;1\/2&#8243;][vc_empty_space height=&#8221;42px&#8221;][vc_column_text css=&#8221;&#8221;] Viziune &amp; standard de calitate [\/vc_column_text][vc_separator color=&#8221;custom&#8221; css=&#8221;&#8221; accent_color=&#8221;#DD3333&#8243;][vc_column_text css=&#8221;&#8221;]Cu sediul \u00een Re\u0219i\u021ba, furniz\u0103m servicii profesionale<\/p>\n","protected":false},"author":1,"featured_media":0,"parent":0,"menu_order":0,"comment_status":"closed","ping_status":"closed","template":"","meta":{"footnotes":""},"class_list":["post-102","page","type-page","status-publish","hentry"],"yoast_head":"<!-- This site is optimized with the Yoast SEO plugin v26.9 - https:\/\/yoast.com\/product\/yoast-seo-wordpress\/ -->\n<title>Despre Noi | Restaurare volane<\/title>\n<meta name=\"description\" content=\"Restaurare volane cu materiale certificate, finisaje auto premium \u0219i servicii B2B conforme standardelor OEM.\" \/>\n<meta name=\"robots\" content=\"index, follow, max-snippet:-1, max-image-preview:large, max-video-preview:-1\" \/>\n<link rel=\"canonical\" href=\"https:\/\/restaurari-volane.ro\/?page_id=102\" \/>\n<meta property=\"og:locale\" content=\"ro_RO\" \/>\n<meta property=\"og:type\" content=\"article\" \/>\n<meta property=\"og:title\" content=\"Despre Noi | Restaurare volane\" \/>\n<meta property=\"og:description\" content=\"Restaurare volane cu materiale certificate, finisaje auto premium \u0219i servicii B2B conforme standardelor OEM.\" \/>\n<meta property=\"og:url\" content=\"https:\/\/restaurari-volane.ro\/?page_id=102\" \/>\n<meta property=\"og:site_name\" content=\"Restaurari Volane\" \/>\n<meta property=\"article:modified_time\" content=\"2026-02-13T08:15:14+00:00\" \/>\n<meta name=\"twitter:card\" content=\"summary_large_image\" \/>\n<meta name=\"twitter:label1\" content=\"Timp estimat pentru citire\" \/>\n\t<meta name=\"twitter:data1\" content=\"2 minute\" \/>\n<script type=\"application\/ld+json\" class=\"yoast-schema-graph\">{\"@context\":\"https:\/\/schema.org\",\"@graph\":[{\"@type\":\"WebPage\",\"@id\":\"https:\/\/restaurari-volane.ro\/?page_id=102\",\"url\":\"https:\/\/restaurari-volane.ro\/?page_id=102\",\"name\":\"Despre Noi | Restaurare volane\",\"isPartOf\":{\"@id\":\"https:\/\/restaurari-volane.ro\/#website\"},\"datePublished\":\"2026-02-10T12:52:20+00:00\",\"dateModified\":\"2026-02-13T08:15:14+00:00\",\"description\":\"Restaurare volane cu materiale certificate, finisaje auto premium \u0219i servicii B2B conforme standardelor OEM.\",\"breadcrumb\":{\"@id\":\"https:\/\/restaurari-volane.ro\/?page_id=102#breadcrumb\"},\"inLanguage\":\"ro-RO\",\"potentialAction\":[{\"@type\":\"ReadAction\",\"target\":[\"https:\/\/restaurari-volane.ro\/?page_id=102\"]}]},{\"@type\":\"BreadcrumbList\",\"@id\":\"https:\/\/restaurari-volane.ro\/?page_id=102#breadcrumb\",\"itemListElement\":[{\"@type\":\"ListItem\",\"position\":1,\"name\":\"Prima pagin\u0103\",\"item\":\"https:\/\/restaurari-volane.ro\/\"},{\"@type\":\"ListItem\",\"position\":2,\"name\":\"Despre noi\"}]},{\"@type\":\"WebSite\",\"@id\":\"https:\/\/restaurari-volane.ro\/#website\",\"url\":\"https:\/\/restaurari-volane.ro\/\",\"name\":\"Restaurari Volane\",\"description\":\"\",\"potentialAction\":[{\"@type\":\"SearchAction\",\"target\":{\"@type\":\"EntryPoint\",\"urlTemplate\":\"https:\/\/restaurari-volane.ro\/?s={search_term_string}\"},\"query-input\":{\"@type\":\"PropertyValueSpecification\",\"valueRequired\":true,\"valueName\":\"search_term_string\"}}],\"inLanguage\":\"ro-RO\"}]}<\/script>\n<!-- \/ Yoast SEO plugin. -->","yoast_head_json":{"title":"Despre Noi | Restaurare volane","description":"Restaurare volane cu materiale certificate, finisaje auto premium \u0219i servicii B2B conforme standardelor OEM.","robots":{"index":"index","follow":"follow","max-snippet":"max-snippet:-1","max-image-preview":"max-image-preview:large","max-video-preview":"max-video-preview:-1"},"canonical":"https:\/\/restaurari-volane.ro\/?page_id=102","og_locale":"ro_RO","og_type":"article","og_title":"Despre Noi | Restaurare volane","og_description":"Restaurare volane cu materiale certificate, finisaje auto premium \u0219i servicii B2B conforme standardelor OEM.","og_url":"https:\/\/restaurari-volane.ro\/?page_id=102","og_site_name":"Restaurari Volane","article_modified_time":"2026-02-13T08:15:14+00:00","twitter_card":"summary_large_image","twitter_misc":{"Timp estimat pentru citire":"2 minute"},"schema":{"@context":"https:\/\/schema.org","@graph":[{"@type":"WebPage","@id":"https:\/\/restaurari-volane.ro\/?page_id=102","url":"https:\/\/restaurari-volane.ro\/?page_id=102","name":"Despre Noi | Restaurare volane","isPartOf":{"@id":"https:\/\/restaurari-volane.ro\/#website"},"datePublished":"2026-02-10T12:52:20+00:00","dateModified":"2026-02-13T08:15:14+00:00","description":"Restaurare volane cu materiale certificate, finisaje auto premium \u0219i servicii B2B conforme standardelor OEM.","breadcrumb":{"@id":"https:\/\/restaurari-volane.ro\/?page_id=102#breadcrumb"},"inLanguage":"ro-RO","potentialAction":[{"@type":"ReadAction","target":["https:\/\/restaurari-volane.ro\/?page_id=102"]}]},{"@type":"BreadcrumbList","@id":"https:\/\/restaurari-volane.ro\/?page_id=102#breadcrumb","itemListElement":[{"@type":"ListItem","position":1,"name":"Prima pagin\u0103","item":"https:\/\/restaurari-volane.ro\/"},{"@type":"ListItem","position":2,"name":"Despre noi"}]},{"@type":"WebSite","@id":"https:\/\/restaurari-volane.ro\/#website","url":"https:\/\/restaurari-volane.ro\/","name":"Restaurari Volane","description":"","potentialAction":[{"@type":"SearchAction","target":{"@type":"EntryPoint","urlTemplate":"https:\/\/restaurari-volane.ro\/?s={search_term_string}"},"query-input":{"@type":"PropertyValueSpecification","valueRequired":true,"valueName":"search_term_string"}}],"inLanguage":"ro-RO"}]}},"_links":{"self":[{"href":"https:\/\/restaurari-volane.ro\/index.php?rest_route=\/wp\/v2\/pages\/102","targetHints":{"allow":["GET"]}}],"collection":[{"href":"https:\/\/restaurari-volane.ro\/index.php?rest_route=\/wp\/v2\/pages"}],"about":[{"href":"https:\/\/restaurari-volane.ro\/index.php?rest_route=\/wp\/v2\/types\/page"}],"author":[{"embeddable":true,"href":"https:\/\/restaurari-volane.ro\/index.php?rest_route=\/wp\/v2\/users\/1"}],"replies":[{"embeddable":true,"href":"https:\/\/restaurari-volane.ro\/index.php?rest_route=%2Fwp%2Fv2%2Fcomments&post=102"}],"version-history":[{"count":17,"href":"https:\/\/restaurari-volane.ro\/index.php?rest_route=\/wp\/v2\/pages\/102\/revisions"}],"predecessor-version":[{"id":120,"href":"https:\/\/restaurari-volane.ro\/index.php?rest_route=\/wp\/v2\/pages\/102\/revisions\/120"}],"wp:attachment":[{"href":"https:\/\/restaurari-volane.ro\/index.php?rest_route=%2Fwp%2Fv2%2Fmedia&parent=102"}],"curies":[{"name":"wp","href":"https:\/\/api.w.org\/{rel}","templated":true}]}}